{"id":812,"date":"2019-03-05T11:14:20","date_gmt":"2019-03-05T11:14:20","guid":{"rendered":"https:\/\/manuelalcarazclemente.com\/?page_id=812"},"modified":"2026-04-08T11:52:14","modified_gmt":"2026-04-08T11:52:14","slug":"solo","status":"publish","type":"page","link":"https:\/\/manuelalcarazclemente.com\/de\/solo\/","title":{"rendered":"Solo"},"content":{"rendered":"<p><strong>Solo Repertoire<\/strong>:\u00a0<a href=\"https:\/\/www.schallfeld-archive.cloud\/owncloud\/index.php\/s\/0lGoMqHdloJ8R7g\" target=\"_blank\" rel=\"noopener\">\u00f6ffnen als PDF<\/a><\/p>\n<hr \/>\n<p><strong>ON:DRUMS<\/strong>\u00a0ist eine Solo-Performance f\u00fcr Drumset, die die vielen Dimensionen des Schlagzeugs in der zeitgen\u00f6ssischen Musik erkundet. Konzipiert und kuratiert von Manuel Alcaraz Clemente, stellt das Programm die Vielseitigkeit des Instruments anhand von Werken von Frank Zappa, Enno Poppe, Sarah Nemtsov und Sami Klemola heraus \u2013 erg\u00e4nzt durch zwei Urauff\u00fchrungen von Diego Jim\u00e9nez Tamame und Soyeon Park.<\/p>\n<p data-start=\"453\" data-end=\"617\">Uraufgef\u00fchrt im Juni 2025 im Kulturkotter Graz, l\u00e4dt <strong data-start=\"506\" data-end=\"518\">ON:DRUMS<\/strong> dazu ein, das Drumset neu zu h\u00f6ren \u2013 facettenreich, erfinderisch und voller neuer M\u00f6glichkeiten.<\/p>\n<p><strong>Performances:<\/strong><\/p>\n<p>19.6.2025 &#8211; Kulturkotter, Graz<\/p>\n<p>15.11.2025 &#8211; Wien Modern, Salon Souterrain, Casino Baumgartner, Vienna<\/p>\n<p>19.2.2026 &#8211; On the Couch, Studio Eberhard, Vienna<\/p>\n<p>21.10.2026 &#8211; Cafe Wolf, Graz<\/p>\n<p><span class=\"embed-youtube\" style=\"text-align:center; display: block;\"><iframe loading=\"lazy\" class=\"youtube-player\" width=\"790\" height=\"445\" src=\"https:\/\/www.youtube.com\/embed\/UFqQ0XjXyiU?version=3&#038;rel=1&#038;showsearch=0&#038;showinfo=1&#038;iv_load_policy=1&#038;fs=1&#038;hl=de-DE&#038;autohide=2&#038;wmode=transparent\" allowfullscreen=\"true\" style=\"border:0;\" sandbox=\"allow-scripts allow-same-origin allow-popups allow-presentation allow-popups-to-escape-sandbox\"><\/iframe><\/span><\/p>\n<p>&nbsp;<\/p>\n<hr \/>\n<p><strong>An Elemental Thing\u00a0<\/strong><\/p>\n<p><em>An Elemental Thing<\/em> schl\u00e4gt ein Programm mit einer klaren, \u00fcbersichtlichen und verst\u00e4ndlichen B\u00fchnenpr\u00e4sentation vor, das St\u00fccke vereint, die einer \u00e4hnlichen Linie folgen: der brillanten kompositorischen und musikalischen Erforschung eines einzigen Klangk\u00f6rpers.<\/p>\n<p>Musik von Liza Lim, Wojtek Blecharz, Diego Jim\u00e9nez Tamame, Jadwiga Frei und Emre Sinan Kaleli.<\/p>\n<p>&nbsp;<\/p>\n<p><iframe src=\"https:\/\/www.youtube.com\/embed\/DgIf4lKu8tQ?rel=0\" height=\"60%\" frameborder=\"0\" allowfullscreen=\"allowfullscreen\" data-mce-fragment=\"1\"><span data-mce-type=\"bookmark\" style=\"display: inline-block; width: 0px; overflow: hidden; line-height: 0;\" class=\"mce_SELRES_start\">\ufeff<\/span><span data-mce-type=\"bookmark\" style=\"display: inline-block; width: 0px; overflow: hidden; line-height: 0;\" class=\"mce_SELRES_start\">\ufeff<\/span><span data-mce-type=\"bookmark\" style=\"display: inline-block; width: 0px; overflow: hidden; line-height: 0;\" class=\"mce_SELRES_start\">\ufeff<\/span><\/iframe><\/p>\n<p>&nbsp;<\/p>","protected":false},"excerpt":{"rendered":"","protected":false},"author":1,"featured_media":1953,"parent":0,"menu_order":0,"comment_status":"closed","ping_status":"closed","template":"","meta":{"jetpack_post_was_ever_published":false,"footnotes":""},"class_list":["post-812","page","type-page","status-publish","has-post-thumbnail","hentry"],"yoast_head":"<!-- This site is optimized with the Yoast SEO plugin v27.3 - https:\/\/yoast.com\/product\/yoast-seo-wordpress\/ -->\n<title>Solo - Manuel Alcaraz Clemente<\/title>\n<meta name=\"robots\" content=\"index, follow, max-snippet:-1, max-image-preview:large, max-video-preview:-1\" \/>\n<link rel=\"canonical\" href=\"https:\/\/manuelalcarazclemente.com\/solo\/\" \/>\n<meta property=\"og:locale\" content=\"de_DE\" \/>\n<meta property=\"og:type\" content=\"article\" \/>\n<meta property=\"og:title\" content=\"Solo - Manuel Alcaraz Clemente\" \/>\n<meta property=\"og:description\" content=\"[:en]   [:de] [:]\" \/>\n<meta property=\"og:url\" content=\"https:\/\/manuelalcarazclemente.com\/solo\/\" \/>\n<meta property=\"og:site_name\" content=\"Manuel Alcaraz Clemente\" \/>\n<meta property=\"article:modified_time\" content=\"2026-04-08T11:52:14+00:00\" \/>\n<meta property=\"og:image\" content=\"https:\/\/manuelalcarazclemente.com\/wp-content\/uploads\/2024\/11\/Zelten-2024_0606_BW_small.jpg\" \/>\n\t<meta property=\"og:image:width\" content=\"2048\" \/>\n\t<meta property=\"og:image:height\" content=\"1363\" \/>\n\t<meta property=\"og:image:type\" content=\"image\/jpeg\" \/>\n<meta name=\"twitter:card\" content=\"summary_large_image\" \/>\n<meta name=\"twitter:label1\" content=\"Gesch\u00e4tzte Lesezeit\" \/>\n\t<meta name=\"twitter:data1\" content=\"1\u00a0Minute\" \/>\n<script type=\"application\/ld+json\" class=\"yoast-schema-graph\">{\"@context\":\"https:\\\/\\\/schema.org\",\"@graph\":[{\"@type\":\"WebPage\",\"@id\":\"https:\\\/\\\/manuelalcarazclemente.com\\\/solo\\\/\",\"url\":\"https:\\\/\\\/manuelalcarazclemente.com\\\/solo\\\/\",\"name\":\"Solo - Manuel Alcaraz Clemente\",\"isPartOf\":{\"@id\":\"https:\\\/\\\/manuelalcarazclemente.com\\\/#website\"},\"primaryImageOfPage\":{\"@id\":\"https:\\\/\\\/manuelalcarazclemente.com\\\/solo\\\/#primaryimage\"},\"image\":{\"@id\":\"https:\\\/\\\/manuelalcarazclemente.com\\\/solo\\\/#primaryimage\"},\"thumbnailUrl\":\"https:\\\/\\\/manuelalcarazclemente.com\\\/wp-content\\\/uploads\\\/2024\\\/11\\\/Zelten-2024_0606_BW_small.jpg\",\"datePublished\":\"2019-03-05T11:14:20+00:00\",\"dateModified\":\"2026-04-08T11:52:14+00:00\",\"breadcrumb\":{\"@id\":\"https:\\\/\\\/manuelalcarazclemente.com\\\/solo\\\/#breadcrumb\"},\"inLanguage\":\"de\",\"potentialAction\":[{\"@type\":\"ReadAction\",\"target\":[\"https:\\\/\\\/manuelalcarazclemente.com\\\/solo\\\/\"]}]},{\"@type\":\"ImageObject\",\"inLanguage\":\"de\",\"@id\":\"https:\\\/\\\/manuelalcarazclemente.com\\\/solo\\\/#primaryimage\",\"url\":\"https:\\\/\\\/manuelalcarazclemente.com\\\/wp-content\\\/uploads\\\/2024\\\/11\\\/Zelten-2024_0606_BW_small.jpg\",\"contentUrl\":\"https:\\\/\\\/manuelalcarazclemente.com\\\/wp-content\\\/uploads\\\/2024\\\/11\\\/Zelten-2024_0606_BW_small.jpg\",\"width\":2048,\"height\":1363},{\"@type\":\"BreadcrumbList\",\"@id\":\"https:\\\/\\\/manuelalcarazclemente.com\\\/solo\\\/#breadcrumb\",\"itemListElement\":[{\"@type\":\"ListItem\",\"position\":1,\"name\":\"Home\",\"item\":\"https:\\\/\\\/manuelalcarazclemente.com\\\/\"},{\"@type\":\"ListItem\",\"position\":2,\"name\":\"Solo\"}]},{\"@type\":\"WebSite\",\"@id\":\"https:\\\/\\\/manuelalcarazclemente.com\\\/#website\",\"url\":\"https:\\\/\\\/manuelalcarazclemente.com\\\/\",\"name\":\"Manuel Alcaraz Clemente\",\"description\":\"PERCUSSION - DRUMS - CONTEMPORARY MUSIC\",\"potentialAction\":[{\"@type\":\"SearchAction\",\"target\":{\"@type\":\"EntryPoint\",\"urlTemplate\":\"https:\\\/\\\/manuelalcarazclemente.com\\\/?s={search_term_string}\"},\"query-input\":{\"@type\":\"PropertyValueSpecification\",\"valueRequired\":true,\"valueName\":\"search_term_string\"}}],\"inLanguage\":\"de\"}]}<\/script>\n<!-- \/ Yoast SEO plugin. -->","yoast_head_json":{"title":"Solo - Manuel Alcaraz Clemente","robots":{"index":"index","follow":"follow","max-snippet":"max-snippet:-1","max-image-preview":"max-image-preview:large","max-video-preview":"max-video-preview:-1"},"canonical":"https:\/\/manuelalcarazclemente.com\/solo\/","og_locale":"de_DE","og_type":"article","og_title":"Solo - Manuel Alcaraz Clemente","og_description":"[:en]   [:de] [:]","og_url":"https:\/\/manuelalcarazclemente.com\/solo\/","og_site_name":"Manuel Alcaraz Clemente","article_modified_time":"2026-04-08T11:52:14+00:00","og_image":[{"width":2048,"height":1363,"url":"https:\/\/manuelalcarazclemente.com\/wp-content\/uploads\/2024\/11\/Zelten-2024_0606_BW_small.jpg","type":"image\/jpeg"}],"twitter_card":"summary_large_image","twitter_misc":{"Gesch\u00e4tzte Lesezeit":"1\u00a0Minute"},"schema":{"@context":"https:\/\/schema.org","@graph":[{"@type":"WebPage","@id":"https:\/\/manuelalcarazclemente.com\/solo\/","url":"https:\/\/manuelalcarazclemente.com\/solo\/","name":"Solo - Manuel Alcaraz Clemente","isPartOf":{"@id":"https:\/\/manuelalcarazclemente.com\/#website"},"primaryImageOfPage":{"@id":"https:\/\/manuelalcarazclemente.com\/solo\/#primaryimage"},"image":{"@id":"https:\/\/manuelalcarazclemente.com\/solo\/#primaryimage"},"thumbnailUrl":"https:\/\/manuelalcarazclemente.com\/wp-content\/uploads\/2024\/11\/Zelten-2024_0606_BW_small.jpg","datePublished":"2019-03-05T11:14:20+00:00","dateModified":"2026-04-08T11:52:14+00:00","breadcrumb":{"@id":"https:\/\/manuelalcarazclemente.com\/solo\/#breadcrumb"},"inLanguage":"de","potentialAction":[{"@type":"ReadAction","target":["https:\/\/manuelalcarazclemente.com\/solo\/"]}]},{"@type":"ImageObject","inLanguage":"de","@id":"https:\/\/manuelalcarazclemente.com\/solo\/#primaryimage","url":"https:\/\/manuelalcarazclemente.com\/wp-content\/uploads\/2024\/11\/Zelten-2024_0606_BW_small.jpg","contentUrl":"https:\/\/manuelalcarazclemente.com\/wp-content\/uploads\/2024\/11\/Zelten-2024_0606_BW_small.jpg","width":2048,"height":1363},{"@type":"BreadcrumbList","@id":"https:\/\/manuelalcarazclemente.com\/solo\/#breadcrumb","itemListElement":[{"@type":"ListItem","position":1,"name":"Home","item":"https:\/\/manuelalcarazclemente.com\/"},{"@type":"ListItem","position":2,"name":"Solo"}]},{"@type":"WebSite","@id":"https:\/\/manuelalcarazclemente.com\/#website","url":"https:\/\/manuelalcarazclemente.com\/","name":"Manuel Alcaraz Clemente","description":"PERCUSSION - DRUMS - CONTEMPORARY MUSIC","potentialAction":[{"@type":"SearchAction","target":{"@type":"EntryPoint","urlTemplate":"https:\/\/manuelalcarazclemente.com\/?s={search_term_string}"},"query-input":{"@type":"PropertyValueSpecification","valueRequired":true,"valueName":"search_term_string"}}],"inLanguage":"de"}]}},"jetpack_sharing_enabled":true,"jetpack_shortlink":"https:\/\/wp.me\/P7S1RT-d6","_links":{"self":[{"href":"https:\/\/manuelalcarazclemente.com\/de\/wp-json\/wp\/v2\/pages\/812","targetHints":{"allow":["GET"]}}],"collection":[{"href":"https:\/\/manuelalcarazclemente.com\/de\/wp-json\/wp\/v2\/pages"}],"about":[{"href":"https:\/\/manuelalcarazclemente.com\/de\/wp-json\/wp\/v2\/types\/page"}],"author":[{"embeddable":true,"href":"https:\/\/manuelalcarazclemente.com\/de\/wp-json\/wp\/v2\/users\/1"}],"replies":[{"embeddable":true,"href":"https:\/\/manuelalcarazclemente.com\/de\/wp-json\/wp\/v2\/comments?post=812"}],"version-history":[{"count":48,"href":"https:\/\/manuelalcarazclemente.com\/de\/wp-json\/wp\/v2\/pages\/812\/revisions"}],"predecessor-version":[{"id":2419,"href":"https:\/\/manuelalcarazclemente.com\/de\/wp-json\/wp\/v2\/pages\/812\/revisions\/2419"}],"wp:featuredmedia":[{"embeddable":true,"href":"https:\/\/manuelalcarazclemente.com\/de\/wp-json\/wp\/v2\/media\/1953"}],"wp:attachment":[{"href":"https:\/\/manuelalcarazclemente.com\/de\/wp-json\/wp\/v2\/media?parent=812"}],"curies":[{"name":"wp","href":"https:\/\/api.w.org\/{rel}","templated":true}]}}