{"id":641,"date":"2018-08-10T14:00:27","date_gmt":"2018-08-10T14:00:27","guid":{"rendered":"https:\/\/manuelalcarazclemente.com\/?page_id=641"},"modified":"2026-03-09T06:27:37","modified_gmt":"2026-03-09T06:27:37","slug":"teaching-percussion","status":"publish","type":"page","link":"https:\/\/manuelalcarazclemente.com\/de\/teaching-percussion\/","title":{"rendered":"Teaching"},"content":{"rendered":"<p>My teaching activity is closely connected to my work as a contemporary percussionist and ensemble musician, shaped by years of experience as solo and ensemble musician with Schallfeld Ensemble and PHACE.<\/p>\n<p>I regularly give <b>workshops, masterclasses and guest lectures<\/b> for percussionists and composers, focusing on contemporary performance practice, sound research, and performer\u2013composer collaboration.<\/p>\n<hr \/>\n<h3><b>Workshops &amp; Masterclasses<\/b><\/h3>\n<p>I have been invited as a guest teacher to numerous institutions, academies and festivals across Europe, working with both <b>percussion students and composition students<\/b>, including:<\/p>\n<p>IMPULS Academy, University of Ljubljana, ESMuC, Conservatori Superior del Liceu, Academy Percussion meets Identity, Festival BSP J\u00fanior, Gondomar International Percussion Competition, Conservatorio Superior de Castilla-La Mancha, Conservatori Superior de M\u00fasica de les Illes Balears, Conservatori Superior de M\u00fasica de Val\u00e8ncia, MUSIKENE, ARTAVE<\/p>\n<hr \/>\n<h3><b>Sessions for Composers<\/b><\/h3>\n<p>Over the years, I have worked closely with composers, offering <strong data-start=\"1621\" data-end=\"1658\">percussion coaching for composers<\/strong> focused on sound design, techniques and performer\u2013composer collaboration.<\/p>\n<p data-start=\"374\" data-end=\"600\">Collaboration within performance projects is a central part of my artistic work. In addition, I now offer <strong data-start=\"480\" data-end=\"502\">dedicated sessions<\/strong> for focused exploration and experimentation, providing a clear framework for creative exchange.<\/p>\n<p data-start=\"602\" data-end=\"720\">These sessions, available <strong>online or in person<\/strong> in Graz or Vienna, are designed to support composers in areas such as:<\/p>\n<ul>\n<li>Exploring new sounds and techniques<\/li>\n<li>Writing effectively for percussion<\/li>\n<li>Instrument choice, setup and preparation<\/li>\n<li>Practical solutions for complex ideas<\/li>\n<li>Performer feedback during the compositional process<\/li>\n<\/ul>\n<p data-start=\"946\" data-end=\"980\"><strong data-start=\"946\" data-end=\"978\">Session formats and pricing:<\/strong><\/p>\n<ul data-start=\"981\" data-end=\"1113\">\n<li data-start=\"981\" data-end=\"1010\">\n<p data-start=\"983\" data-end=\"1010\">1-hour session \u2014 <strong data-start=\"1000\" data-end=\"1008\">90 \u20ac<\/strong><\/p>\n<\/li>\n<li data-start=\"1011\" data-end=\"1113\">\n<p data-start=\"1013\" data-end=\"1113\">2-hour session \u2014 <strong data-start=\"1030\" data-end=\"1039\">160 \u20ac<\/strong><br data-start=\"1039\" data-end=\"1042\" \/><strong><em data-start=\"1042\" data-end=\"1113\">Students may request a reduced rate; please get in touch for details.<\/em><\/strong><\/p>\n<\/li>\n<\/ul>\n<p><a href=\"https:\/\/manuelalcarazclemente.com\/de\/#contact\" target=\"_blank\" rel=\"noopener\">Sessions can be booked here\u00a0<\/a><\/p>\n<hr \/>\n<h3><b>Private\/weekly teaching <\/b><\/h3>\n<p>Private <strong data-start=\"2625\" data-end=\"2675\">drum and percussion lessons in Graz and online<\/strong> are available on a limited basis.<\/p>\n<p>Please <a href=\"https:\/\/manuelalcarazclemente.com\/de\/#contact\" target=\"_blank\" rel=\"noopener\">get in touch<\/a> for more information<\/p>","protected":false},"excerpt":{"rendered":"<p>My teaching activity is closely connected to my work as a contemporary percussionist and ensemble musician, shaped by years of experience as solo and ensemble musician with Schallfeld Ensemble and PHACE. I regularly give workshops, masterclasses and guest lectures for percussionists and composers, focusing on contemporary performance practice, sound research,&#8230;<\/p>\n","protected":false},"author":1,"featured_media":0,"parent":0,"menu_order":0,"comment_status":"closed","ping_status":"closed","template":"templates\/full-width-page.php","meta":{"jetpack_post_was_ever_published":false,"footnotes":""},"class_list":["post-641","page","type-page","status-publish","hentry"],"yoast_head":"<!-- This site is optimized with the Yoast SEO plugin v27.3 - https:\/\/yoast.com\/product\/yoast-seo-wordpress\/ -->\n<title>Teaching - Manuel Alcaraz Clemente<\/title>\n<meta name=\"description\" content=\"Du wolltest schon immer gerne Schlagzeug lernen? Ich biete professionellen und kompetenten Schlagwerkunterricht im Zentrum von Graz f\u00fcr alle Altersstufen und Levels!\" \/>\n<meta name=\"robots\" content=\"index, follow, max-snippet:-1, max-image-preview:large, max-video-preview:-1\" \/>\n<link rel=\"canonical\" href=\"https:\/\/manuelalcarazclemente.com\/teaching-percussion\/\" \/>\n<meta property=\"og:locale\" content=\"de_DE\" \/>\n<meta property=\"og:type\" content=\"article\" \/>\n<meta property=\"og:title\" content=\"Teaching - Manuel Alcaraz Clemente\" \/>\n<meta property=\"og:description\" content=\"{:en}Composer sessions and percussion coaching for composers, plus private drum and percussion lessons in Graz. Online and in-person teaching focused on contemporary music and sound exploration{:de}Du wolltest schon immer gerne Schlagzeug lernen? Ich biete professionellen und kompetenten Schlagwerkunterricht im Zentrum von Graz f\u00fcr alle Altersstufen und Levels!{:}\" \/>\n<meta property=\"og:url\" content=\"https:\/\/manuelalcarazclemente.com\/teaching-percussion\/\" \/>\n<meta property=\"og:site_name\" content=\"Manuel Alcaraz Clemente\" \/>\n<meta property=\"article:modified_time\" content=\"2026-03-09T06:27:37+00:00\" \/>\n<meta name=\"twitter:card\" content=\"summary_large_image\" \/>\n<meta name=\"twitter:label1\" content=\"Gesch\u00e4tzte Lesezeit\" \/>\n\t<meta name=\"twitter:data1\" content=\"2\u00a0Minuten\" \/>\n<script type=\"application\/ld+json\" class=\"yoast-schema-graph\">{\"@context\":\"https:\\\/\\\/schema.org\",\"@graph\":[{\"@type\":\"WebPage\",\"@id\":\"https:\\\/\\\/manuelalcarazclemente.com\\\/teaching-percussion\\\/\",\"url\":\"https:\\\/\\\/manuelalcarazclemente.com\\\/teaching-percussion\\\/\",\"name\":\"Teaching - Manuel Alcaraz Clemente\",\"isPartOf\":{\"@id\":\"https:\\\/\\\/manuelalcarazclemente.com\\\/#website\"},\"datePublished\":\"2018-08-10T14:00:27+00:00\",\"dateModified\":\"2026-03-09T06:27:37+00:00\",\"description\":\"{:en}Composer sessions and percussion coaching for composers, plus private drum and percussion lessons in Graz. Online and in-person teaching focused on contemporary music and sound exploration{:de}Du wolltest schon immer gerne Schlagzeug lernen? Ich biete professionellen und kompetenten Schlagwerkunterricht im Zentrum von Graz f\u00fcr alle Altersstufen und Levels!{:}\",\"breadcrumb\":{\"@id\":\"https:\\\/\\\/manuelalcarazclemente.com\\\/teaching-percussion\\\/#breadcrumb\"},\"inLanguage\":\"de\",\"potentialAction\":[{\"@type\":\"ReadAction\",\"target\":[\"https:\\\/\\\/manuelalcarazclemente.com\\\/teaching-percussion\\\/\"]}]},{\"@type\":\"BreadcrumbList\",\"@id\":\"https:\\\/\\\/manuelalcarazclemente.com\\\/teaching-percussion\\\/#breadcrumb\",\"itemListElement\":[{\"@type\":\"ListItem\",\"position\":1,\"name\":\"Home\",\"item\":\"https:\\\/\\\/manuelalcarazclemente.com\\\/\"},{\"@type\":\"ListItem\",\"position\":2,\"name\":\"Teaching\"}]},{\"@type\":\"WebSite\",\"@id\":\"https:\\\/\\\/manuelalcarazclemente.com\\\/#website\",\"url\":\"https:\\\/\\\/manuelalcarazclemente.com\\\/\",\"name\":\"Manuel Alcaraz Clemente\",\"description\":\"PERCUSSION - DRUMS - CONTEMPORARY MUSIC\",\"potentialAction\":[{\"@type\":\"SearchAction\",\"target\":{\"@type\":\"EntryPoint\",\"urlTemplate\":\"https:\\\/\\\/manuelalcarazclemente.com\\\/?s={search_term_string}\"},\"query-input\":{\"@type\":\"PropertyValueSpecification\",\"valueRequired\":true,\"valueName\":\"search_term_string\"}}],\"inLanguage\":\"de\"}]}<\/script>\n<!-- \/ Yoast SEO plugin. -->","yoast_head_json":{"title":"Teaching - Manuel Alcaraz Clemente","description":"Du wolltest schon immer gerne Schlagzeug lernen? Ich biete professionellen und kompetenten Schlagwerkunterricht im Zentrum von Graz f\u00fcr alle Altersstufen und Levels!","robots":{"index":"index","follow":"follow","max-snippet":"max-snippet:-1","max-image-preview":"max-image-preview:large","max-video-preview":"max-video-preview:-1"},"canonical":"https:\/\/manuelalcarazclemente.com\/teaching-percussion\/","og_locale":"de_DE","og_type":"article","og_title":"Teaching - Manuel Alcaraz Clemente","og_description":"{:en}Composer sessions and percussion coaching for composers, plus private drum and percussion lessons in Graz. Online and in-person teaching focused on contemporary music and sound exploration{:de}Du wolltest schon immer gerne Schlagzeug lernen? Ich biete professionellen und kompetenten Schlagwerkunterricht im Zentrum von Graz f\u00fcr alle Altersstufen und Levels!{:}","og_url":"https:\/\/manuelalcarazclemente.com\/teaching-percussion\/","og_site_name":"Manuel Alcaraz Clemente","article_modified_time":"2026-03-09T06:27:37+00:00","twitter_card":"summary_large_image","twitter_misc":{"Gesch\u00e4tzte Lesezeit":"2\u00a0Minuten"},"schema":{"@context":"https:\/\/schema.org","@graph":[{"@type":"WebPage","@id":"https:\/\/manuelalcarazclemente.com\/teaching-percussion\/","url":"https:\/\/manuelalcarazclemente.com\/teaching-percussion\/","name":"Teaching - Manuel Alcaraz Clemente","isPartOf":{"@id":"https:\/\/manuelalcarazclemente.com\/#website"},"datePublished":"2018-08-10T14:00:27+00:00","dateModified":"2026-03-09T06:27:37+00:00","description":"{:en}Composer sessions and percussion coaching for composers, plus private drum and percussion lessons in Graz. Online and in-person teaching focused on contemporary music and sound exploration{:de}Du wolltest schon immer gerne Schlagzeug lernen? Ich biete professionellen und kompetenten Schlagwerkunterricht im Zentrum von Graz f\u00fcr alle Altersstufen und Levels!{:}","breadcrumb":{"@id":"https:\/\/manuelalcarazclemente.com\/teaching-percussion\/#breadcrumb"},"inLanguage":"de","potentialAction":[{"@type":"ReadAction","target":["https:\/\/manuelalcarazclemente.com\/teaching-percussion\/"]}]},{"@type":"BreadcrumbList","@id":"https:\/\/manuelalcarazclemente.com\/teaching-percussion\/#breadcrumb","itemListElement":[{"@type":"ListItem","position":1,"name":"Home","item":"https:\/\/manuelalcarazclemente.com\/"},{"@type":"ListItem","position":2,"name":"Teaching"}]},{"@type":"WebSite","@id":"https:\/\/manuelalcarazclemente.com\/#website","url":"https:\/\/manuelalcarazclemente.com\/","name":"Manuel Alcaraz Clemente","description":"PERCUSSION - DRUMS - CONTEMPORARY MUSIC","potentialAction":[{"@type":"SearchAction","target":{"@type":"EntryPoint","urlTemplate":"https:\/\/manuelalcarazclemente.com\/?s={search_term_string}"},"query-input":{"@type":"PropertyValueSpecification","valueRequired":true,"valueName":"search_term_string"}}],"inLanguage":"de"}]}},"jetpack_sharing_enabled":false,"jetpack_shortlink":"https:\/\/wp.me\/P7S1RT-al","_links":{"self":[{"href":"https:\/\/manuelalcarazclemente.com\/de\/wp-json\/wp\/v2\/pages\/641","targetHints":{"allow":["GET"]}}],"collection":[{"href":"https:\/\/manuelalcarazclemente.com\/de\/wp-json\/wp\/v2\/pages"}],"about":[{"href":"https:\/\/manuelalcarazclemente.com\/de\/wp-json\/wp\/v2\/types\/page"}],"author":[{"embeddable":true,"href":"https:\/\/manuelalcarazclemente.com\/de\/wp-json\/wp\/v2\/users\/1"}],"replies":[{"embeddable":true,"href":"https:\/\/manuelalcarazclemente.com\/de\/wp-json\/wp\/v2\/comments?post=641"}],"version-history":[{"count":49,"href":"https:\/\/manuelalcarazclemente.com\/de\/wp-json\/wp\/v2\/pages\/641\/revisions"}],"predecessor-version":[{"id":2368,"href":"https:\/\/manuelalcarazclemente.com\/de\/wp-json\/wp\/v2\/pages\/641\/revisions\/2368"}],"wp:attachment":[{"href":"https:\/\/manuelalcarazclemente.com\/de\/wp-json\/wp\/v2\/media?parent=641"}],"curies":[{"name":"wp","href":"https:\/\/api.w.org\/{rel}","templated":true}]}}