{"id":213,"date":"2016-11-15T11:37:55","date_gmt":"2016-11-15T11:37:55","guid":{"rendered":"http:\/\/manuelalcarazclemente.com\/?page_id=213"},"modified":"2025-12-26T09:32:21","modified_gmt":"2025-12-26T09:32:21","slug":"noviga-projekto","status":"publish","type":"page","link":"https:\/\/manuelalcarazclemente.com\/de\/noviga-projekto\/","title":{"rendered":"Noviga Projekto"},"content":{"rendered":"<p><\/p>\n<p data-start=\"27\" data-end=\"133\">Noviga Projekto ist ein Fl\u00f6ten und Perkussions Duo, das sich der Auff\u00fchrung zeitgen\u00f6ssischer Musik widmet.<\/p>\n<p data-start=\"135\" data-end=\"591\">Gegr\u00fcndet wurde das Duo 2014 von der Fl\u00f6tistin<a href=\"https:\/\/www.clarasaleiro.com\/\" target=\"_blank\" rel=\"noopener\"> Clara Saleiro<\/a> und dem Perkussionisten <a href=\"https:\/\/manuelalcarazclemente.com\/\" target=\"_blank\" rel=\"noopener\">Manuel Alcaraz Clemente<\/a>. Seitdem hat es eine enge und langfristige k\u00fcnstlerische Zusammenarbeit entwickelt. Noviga Projekto pr\u00e4sentierte eigene Konzertprogramme, darunter <em data-start=\"391\" data-end=\"409\">In a Living Room<\/em> und <a href=\"https:\/\/www.youtube.com\/watch?v=TTDyQBHlTho\" target=\"_blank\" rel=\"noopener\"><em data-start=\"414\" data-end=\"457\">Differenz \u2013 Wiederholung \u2013 Transformation<\/em><\/a>, auf Festivals wie den Dias da M\u00fasica Eletroac\u00fastica, dem Circular Festival, dem H\u00f6rsturm Festival und dem Kultursommer Wien.<\/p>\n<p data-start=\"593\" data-end=\"762\">2018 schrieb der Komponist Peter Ablinger eine personalisierte Version von <em data-start=\"668\" data-end=\"688\">4 T\u00fcrkische Becken<\/em> speziell f\u00fcr Noviga Projekto, die das Duo seither international auff\u00fchrt.<\/p>\n<p data-start=\"764\" data-end=\"1073\" data-is-last-node=\"\" data-is-only-node=\"\">Noviga n\u00e4hert sich dem Repertoire f\u00fcr Fl\u00f6te und Perkussion aus einer sehr pers\u00f6nlichen Perspektive, gepr\u00e4gt von gemeinsamen k\u00fcnstlerischen Interessen und vielf\u00e4ltigen kulturellen Erfahrungen. Dar\u00fcber hinaus nahm das Duo am europ\u00e4ischen Projekt <a href=\"https:\/\/performeurope.eu\/\" target=\"_blank\" rel=\"noopener\"><em data-start=\"1008\" data-end=\"1024\">Perform Europe<\/em><\/a> teil und erhielt F\u00f6rderungen von der Stadt Graz.<\/p>\n<p>&nbsp;<\/p>\n<p><iframe loading=\"lazy\" src=\"https:\/\/www.youtube.com\/embed\/rKwIBZJE218?si=PSv0i_mDefOuZIf9\" width=\"640\" height=\"351\" frameborder=\"0\" allowfullscreen=\"allowfullscreen\"><span data-mce-type=\"bookmark\" style=\"display: inline-block; width: 0px; overflow: hidden; line-height: 0;\" class=\"mce_SELRES_start\">\ufeff<\/span><span data-mce-type=\"bookmark\" style=\"display: inline-block; width: 0px; overflow: hidden; line-height: 0;\" class=\"mce_SELRES_start\">\ufeff<\/span><\/iframe><\/p>\n<hr \/>\n<p>&nbsp;<\/p>","protected":false},"excerpt":{"rendered":"","protected":false},"author":1,"featured_media":1981,"parent":0,"menu_order":0,"comment_status":"closed","ping_status":"closed","template":"templates\/full-width-page.php","meta":{"jetpack_post_was_ever_published":false,"footnotes":""},"class_list":["post-213","page","type-page","status-publish","has-post-thumbnail","hentry"],"yoast_head":"<!-- This site is optimized with the Yoast SEO plugin v27.3 - https:\/\/yoast.com\/product\/yoast-seo-wordpress\/ -->\n<title>Noviga Projekto - Manuel Alcaraz Clemente<\/title>\n<meta name=\"robots\" content=\"index, follow, max-snippet:-1, max-image-preview:large, max-video-preview:-1\" \/>\n<link rel=\"canonical\" href=\"https:\/\/manuelalcarazclemente.com\/noviga-projekto\/\" \/>\n<meta property=\"og:locale\" content=\"de_DE\" \/>\n<meta property=\"og:type\" content=\"article\" \/>\n<meta property=\"og:title\" content=\"Noviga Projekto - Manuel Alcaraz Clemente\" \/>\n<meta property=\"og:description\" content=\"[:en] [:de]   [:]\" \/>\n<meta property=\"og:url\" content=\"https:\/\/manuelalcarazclemente.com\/noviga-projekto\/\" \/>\n<meta property=\"og:site_name\" content=\"Manuel Alcaraz Clemente\" \/>\n<meta property=\"article:modified_time\" content=\"2025-12-26T09:32:21+00:00\" \/>\n<meta property=\"og:image\" content=\"https:\/\/manuelalcarazclemente.com\/wp-content\/uploads\/2024\/11\/IMG_1102-1024x683.jpg\" \/>\n\t<meta property=\"og:image:width\" content=\"1024\" \/>\n\t<meta property=\"og:image:height\" content=\"683\" \/>\n\t<meta property=\"og:image:type\" content=\"image\/jpeg\" \/>\n<meta name=\"twitter:card\" content=\"summary_large_image\" \/>\n<meta name=\"twitter:label1\" content=\"Gesch\u00e4tzte Lesezeit\" \/>\n\t<meta name=\"twitter:data1\" content=\"1\u00a0Minute\" \/>\n<script type=\"application\/ld+json\" class=\"yoast-schema-graph\">{\"@context\":\"https:\\\/\\\/schema.org\",\"@graph\":[{\"@type\":\"WebPage\",\"@id\":\"https:\\\/\\\/manuelalcarazclemente.com\\\/noviga-projekto\\\/\",\"url\":\"https:\\\/\\\/manuelalcarazclemente.com\\\/noviga-projekto\\\/\",\"name\":\"Noviga Projekto - Manuel Alcaraz Clemente\",\"isPartOf\":{\"@id\":\"https:\\\/\\\/manuelalcarazclemente.com\\\/#website\"},\"primaryImageOfPage\":{\"@id\":\"https:\\\/\\\/manuelalcarazclemente.com\\\/noviga-projekto\\\/#primaryimage\"},\"image\":{\"@id\":\"https:\\\/\\\/manuelalcarazclemente.com\\\/noviga-projekto\\\/#primaryimage\"},\"thumbnailUrl\":\"https:\\\/\\\/manuelalcarazclemente.com\\\/wp-content\\\/uploads\\\/2024\\\/11\\\/IMG_1102.jpg\",\"datePublished\":\"2016-11-15T11:37:55+00:00\",\"dateModified\":\"2025-12-26T09:32:21+00:00\",\"breadcrumb\":{\"@id\":\"https:\\\/\\\/manuelalcarazclemente.com\\\/noviga-projekto\\\/#breadcrumb\"},\"inLanguage\":\"de\",\"potentialAction\":[{\"@type\":\"ReadAction\",\"target\":[\"https:\\\/\\\/manuelalcarazclemente.com\\\/noviga-projekto\\\/\"]}]},{\"@type\":\"ImageObject\",\"inLanguage\":\"de\",\"@id\":\"https:\\\/\\\/manuelalcarazclemente.com\\\/noviga-projekto\\\/#primaryimage\",\"url\":\"https:\\\/\\\/manuelalcarazclemente.com\\\/wp-content\\\/uploads\\\/2024\\\/11\\\/IMG_1102.jpg\",\"contentUrl\":\"https:\\\/\\\/manuelalcarazclemente.com\\\/wp-content\\\/uploads\\\/2024\\\/11\\\/IMG_1102.jpg\",\"width\":2500,\"height\":1667,\"caption\":\"Noviga Projekto \u00a9 Sania Murashka\"},{\"@type\":\"BreadcrumbList\",\"@id\":\"https:\\\/\\\/manuelalcarazclemente.com\\\/noviga-projekto\\\/#breadcrumb\",\"itemListElement\":[{\"@type\":\"ListItem\",\"position\":1,\"name\":\"Home\",\"item\":\"https:\\\/\\\/manuelalcarazclemente.com\\\/\"},{\"@type\":\"ListItem\",\"position\":2,\"name\":\"Noviga Projekto\"}]},{\"@type\":\"WebSite\",\"@id\":\"https:\\\/\\\/manuelalcarazclemente.com\\\/#website\",\"url\":\"https:\\\/\\\/manuelalcarazclemente.com\\\/\",\"name\":\"Manuel Alcaraz Clemente\",\"description\":\"PERCUSSION - DRUMS - CONTEMPORARY MUSIC\",\"potentialAction\":[{\"@type\":\"SearchAction\",\"target\":{\"@type\":\"EntryPoint\",\"urlTemplate\":\"https:\\\/\\\/manuelalcarazclemente.com\\\/?s={search_term_string}\"},\"query-input\":{\"@type\":\"PropertyValueSpecification\",\"valueRequired\":true,\"valueName\":\"search_term_string\"}}],\"inLanguage\":\"de\"}]}<\/script>\n<!-- \/ Yoast SEO plugin. -->","yoast_head_json":{"title":"Noviga Projekto - Manuel Alcaraz Clemente","robots":{"index":"index","follow":"follow","max-snippet":"max-snippet:-1","max-image-preview":"max-image-preview:large","max-video-preview":"max-video-preview:-1"},"canonical":"https:\/\/manuelalcarazclemente.com\/noviga-projekto\/","og_locale":"de_DE","og_type":"article","og_title":"Noviga Projekto - Manuel Alcaraz Clemente","og_description":"[:en] [:de]   [:]","og_url":"https:\/\/manuelalcarazclemente.com\/noviga-projekto\/","og_site_name":"Manuel Alcaraz Clemente","article_modified_time":"2025-12-26T09:32:21+00:00","og_image":[{"width":1024,"height":683,"url":"https:\/\/manuelalcarazclemente.com\/wp-content\/uploads\/2024\/11\/IMG_1102-1024x683.jpg","type":"image\/jpeg"}],"twitter_card":"summary_large_image","twitter_misc":{"Gesch\u00e4tzte Lesezeit":"1\u00a0Minute"},"schema":{"@context":"https:\/\/schema.org","@graph":[{"@type":"WebPage","@id":"https:\/\/manuelalcarazclemente.com\/noviga-projekto\/","url":"https:\/\/manuelalcarazclemente.com\/noviga-projekto\/","name":"Noviga Projekto - Manuel Alcaraz Clemente","isPartOf":{"@id":"https:\/\/manuelalcarazclemente.com\/#website"},"primaryImageOfPage":{"@id":"https:\/\/manuelalcarazclemente.com\/noviga-projekto\/#primaryimage"},"image":{"@id":"https:\/\/manuelalcarazclemente.com\/noviga-projekto\/#primaryimage"},"thumbnailUrl":"https:\/\/manuelalcarazclemente.com\/wp-content\/uploads\/2024\/11\/IMG_1102.jpg","datePublished":"2016-11-15T11:37:55+00:00","dateModified":"2025-12-26T09:32:21+00:00","breadcrumb":{"@id":"https:\/\/manuelalcarazclemente.com\/noviga-projekto\/#breadcrumb"},"inLanguage":"de","potentialAction":[{"@type":"ReadAction","target":["https:\/\/manuelalcarazclemente.com\/noviga-projekto\/"]}]},{"@type":"ImageObject","inLanguage":"de","@id":"https:\/\/manuelalcarazclemente.com\/noviga-projekto\/#primaryimage","url":"https:\/\/manuelalcarazclemente.com\/wp-content\/uploads\/2024\/11\/IMG_1102.jpg","contentUrl":"https:\/\/manuelalcarazclemente.com\/wp-content\/uploads\/2024\/11\/IMG_1102.jpg","width":2500,"height":1667,"caption":"Noviga Projekto \u00a9 Sania Murashka"},{"@type":"BreadcrumbList","@id":"https:\/\/manuelalcarazclemente.com\/noviga-projekto\/#breadcrumb","itemListElement":[{"@type":"ListItem","position":1,"name":"Home","item":"https:\/\/manuelalcarazclemente.com\/"},{"@type":"ListItem","position":2,"name":"Noviga Projekto"}]},{"@type":"WebSite","@id":"https:\/\/manuelalcarazclemente.com\/#website","url":"https:\/\/manuelalcarazclemente.com\/","name":"Manuel Alcaraz Clemente","description":"PERCUSSION - DRUMS - CONTEMPORARY MUSIC","potentialAction":[{"@type":"SearchAction","target":{"@type":"EntryPoint","urlTemplate":"https:\/\/manuelalcarazclemente.com\/?s={search_term_string}"},"query-input":{"@type":"PropertyValueSpecification","valueRequired":true,"valueName":"search_term_string"}}],"inLanguage":"de"}]}},"jetpack_sharing_enabled":false,"jetpack_shortlink":"https:\/\/wp.me\/P7S1RT-3r","_links":{"self":[{"href":"https:\/\/manuelalcarazclemente.com\/de\/wp-json\/wp\/v2\/pages\/213","targetHints":{"allow":["GET"]}}],"collection":[{"href":"https:\/\/manuelalcarazclemente.com\/de\/wp-json\/wp\/v2\/pages"}],"about":[{"href":"https:\/\/manuelalcarazclemente.com\/de\/wp-json\/wp\/v2\/types\/page"}],"author":[{"embeddable":true,"href":"https:\/\/manuelalcarazclemente.com\/de\/wp-json\/wp\/v2\/users\/1"}],"replies":[{"embeddable":true,"href":"https:\/\/manuelalcarazclemente.com\/de\/wp-json\/wp\/v2\/comments?post=213"}],"version-history":[{"count":50,"href":"https:\/\/manuelalcarazclemente.com\/de\/wp-json\/wp\/v2\/pages\/213\/revisions"}],"predecessor-version":[{"id":2313,"href":"https:\/\/manuelalcarazclemente.com\/de\/wp-json\/wp\/v2\/pages\/213\/revisions\/2313"}],"wp:featuredmedia":[{"embeddable":true,"href":"https:\/\/manuelalcarazclemente.com\/de\/wp-json\/wp\/v2\/media\/1981"}],"wp:attachment":[{"href":"https:\/\/manuelalcarazclemente.com\/de\/wp-json\/wp\/v2\/media?parent=213"}],"curies":[{"name":"wp","href":"https:\/\/api.w.org\/{rel}","templated":true}]}}