{"id":176,"date":"2016-09-13T11:08:12","date_gmt":"2016-09-13T11:08:12","guid":{"rendered":"http:\/\/manuelalcarazclemente.com\/?page_id=176"},"modified":"2025-12-26T09:54:48","modified_gmt":"2025-12-26T09:54:48","slug":"phace-2","status":"publish","type":"page","link":"https:\/\/manuelalcarazclemente.com\/de\/phace-2\/","title":{"rendered":"PHACE"},"content":{"rendered":"<p>Leidenschaft, Feuer und unb\u00e4ndige Lust, Musik am Puls der Zeit ohne Genregrenzen. Raus aus dem Elfenbeinturm und hinein ins Abenteuer der vielgestaltigen, zeitgen\u00f6ssischen Musikwelten. Mit gr\u00f6\u00dftem Enthusiasmus wollen die SolistInnen von <a href=\"https:\/\/www.phace.at\" target=\"_blank\" rel=\"noopener\">PHACE<\/a> und ihr k\u00fcnstlerischer Leiter Reinhard Fuchs ihr Publikum auf Reisen in kostbare, poetische Welten mitnehmen. PHACE tut dies mittlerweile seit vielen Jahren mit speziellen Konzertformaten, Musiktheaterproduktionen und sparten\u00fcbergreifenden Projekten mit Tanz, Theater, Performance, Elektronik, Video, Turntablisten, Installationen u.v.m. Seit der Gr\u00fcndung 1991 als ensemble on_line durch den Dirigenten und Komponisten Simeon Pironkoff und nach einem Relaunch 2010 unter dem Namen PHACE hat die Suche nach dem Neuen \u00fcber viele Jahre tiefgehende k\u00fcnstlerische Freundschaften mit zahlreichen renommierten KomponistInnen, DirigentInnen und MusikerInnen hervorgebracht. Mehr als 200 Werke sind so bisher in Auftrag gegeben, uraufgef\u00fchrt und viele davon auf zahlreichen Tontr\u00e4gern ver\u00f6ffentlicht worden. Offenheit, Neugier zum Experiment und h\u00f6chster k\u00fcnstlerischer Anspruch sind die Triebfedern des Ensembles, das regelm\u00e4\u00dfig mit MusikerInnen und G\u00e4sten aus den verschiedensten Kunstdisziplinen erweitert wird.<\/p>\n<h3 style=\"text-align: center;\"><\/h3>\n<p><\/p>","protected":false},"excerpt":{"rendered":"","protected":false},"author":1,"featured_media":2138,"parent":0,"menu_order":0,"comment_status":"closed","ping_status":"closed","template":"templates\/full-width-page.php","meta":{"jetpack_post_was_ever_published":false,"footnotes":""},"class_list":["post-176","page","type-page","status-publish","has-post-thumbnail","hentry"],"yoast_head":"<!-- This site is optimized with the Yoast SEO plugin v27.3 - https:\/\/yoast.com\/product\/yoast-seo-wordpress\/ -->\n<title>PHACE - Manuel Alcaraz Clemente<\/title>\n<meta name=\"robots\" content=\"index, follow, max-snippet:-1, max-image-preview:large, max-video-preview:-1\" \/>\n<link rel=\"canonical\" href=\"https:\/\/manuelalcarazclemente.com\/phace-2\/\" \/>\n<meta property=\"og:locale\" content=\"de_DE\" \/>\n<meta property=\"og:type\" content=\"article\" \/>\n<meta property=\"og:title\" content=\"PHACE - Manuel Alcaraz Clemente\" \/>\n<meta property=\"og:description\" content=\"[:en]   [:de] [:]\" \/>\n<meta property=\"og:url\" content=\"https:\/\/manuelalcarazclemente.com\/phace-2\/\" \/>\n<meta property=\"og:site_name\" content=\"Manuel Alcaraz Clemente\" \/>\n<meta property=\"article:modified_time\" content=\"2025-12-26T09:54:48+00:00\" \/>\n<meta property=\"og:image\" content=\"https:\/\/manuelalcarazclemente.com\/wp-content\/uploads\/2025\/05\/PHACE_BTZM2024_MMB02129_C_MarkusBruckner-scaled.jpg\" \/>\n\t<meta property=\"og:image:width\" content=\"2560\" \/>\n\t<meta property=\"og:image:height\" content=\"1564\" \/>\n\t<meta property=\"og:image:type\" content=\"image\/jpeg\" \/>\n<meta name=\"twitter:card\" content=\"summary_large_image\" \/>\n<meta name=\"twitter:label1\" content=\"Gesch\u00e4tzte Lesezeit\" \/>\n\t<meta name=\"twitter:data1\" content=\"1\u00a0Minute\" \/>\n<script type=\"application\/ld+json\" class=\"yoast-schema-graph\">{\"@context\":\"https:\\\/\\\/schema.org\",\"@graph\":[{\"@type\":\"WebPage\",\"@id\":\"https:\\\/\\\/manuelalcarazclemente.com\\\/phace-2\\\/\",\"url\":\"https:\\\/\\\/manuelalcarazclemente.com\\\/phace-2\\\/\",\"name\":\"PHACE - Manuel Alcaraz Clemente\",\"isPartOf\":{\"@id\":\"https:\\\/\\\/manuelalcarazclemente.com\\\/#website\"},\"primaryImageOfPage\":{\"@id\":\"https:\\\/\\\/manuelalcarazclemente.com\\\/phace-2\\\/#primaryimage\"},\"image\":{\"@id\":\"https:\\\/\\\/manuelalcarazclemente.com\\\/phace-2\\\/#primaryimage\"},\"thumbnailUrl\":\"https:\\\/\\\/manuelalcarazclemente.com\\\/wp-content\\\/uploads\\\/2025\\\/05\\\/PHACE_BTZM2024_MMB02129_C_MarkusBruckner-scaled.jpg\",\"datePublished\":\"2016-09-13T11:08:12+00:00\",\"dateModified\":\"2025-12-26T09:54:48+00:00\",\"breadcrumb\":{\"@id\":\"https:\\\/\\\/manuelalcarazclemente.com\\\/phace-2\\\/#breadcrumb\"},\"inLanguage\":\"de\",\"potentialAction\":[{\"@type\":\"ReadAction\",\"target\":[\"https:\\\/\\\/manuelalcarazclemente.com\\\/phace-2\\\/\"]}]},{\"@type\":\"ImageObject\",\"inLanguage\":\"de\",\"@id\":\"https:\\\/\\\/manuelalcarazclemente.com\\\/phace-2\\\/#primaryimage\",\"url\":\"https:\\\/\\\/manuelalcarazclemente.com\\\/wp-content\\\/uploads\\\/2025\\\/05\\\/PHACE_BTZM2024_MMB02129_C_MarkusBruckner-scaled.jpg\",\"contentUrl\":\"https:\\\/\\\/manuelalcarazclemente.com\\\/wp-content\\\/uploads\\\/2025\\\/05\\\/PHACE_BTZM2024_MMB02129_C_MarkusBruckner-scaled.jpg\",\"width\":2560,\"height\":1564},{\"@type\":\"BreadcrumbList\",\"@id\":\"https:\\\/\\\/manuelalcarazclemente.com\\\/phace-2\\\/#breadcrumb\",\"itemListElement\":[{\"@type\":\"ListItem\",\"position\":1,\"name\":\"Home\",\"item\":\"https:\\\/\\\/manuelalcarazclemente.com\\\/\"},{\"@type\":\"ListItem\",\"position\":2,\"name\":\"PHACE\"}]},{\"@type\":\"WebSite\",\"@id\":\"https:\\\/\\\/manuelalcarazclemente.com\\\/#website\",\"url\":\"https:\\\/\\\/manuelalcarazclemente.com\\\/\",\"name\":\"Manuel Alcaraz Clemente\",\"description\":\"PERCUSSION - DRUMS - CONTEMPORARY MUSIC\",\"potentialAction\":[{\"@type\":\"SearchAction\",\"target\":{\"@type\":\"EntryPoint\",\"urlTemplate\":\"https:\\\/\\\/manuelalcarazclemente.com\\\/?s={search_term_string}\"},\"query-input\":{\"@type\":\"PropertyValueSpecification\",\"valueRequired\":true,\"valueName\":\"search_term_string\"}}],\"inLanguage\":\"de\"}]}<\/script>\n<!-- \/ Yoast SEO plugin. -->","yoast_head_json":{"title":"PHACE - Manuel Alcaraz Clemente","robots":{"index":"index","follow":"follow","max-snippet":"max-snippet:-1","max-image-preview":"max-image-preview:large","max-video-preview":"max-video-preview:-1"},"canonical":"https:\/\/manuelalcarazclemente.com\/phace-2\/","og_locale":"de_DE","og_type":"article","og_title":"PHACE - Manuel Alcaraz Clemente","og_description":"[:en]   [:de] [:]","og_url":"https:\/\/manuelalcarazclemente.com\/phace-2\/","og_site_name":"Manuel Alcaraz Clemente","article_modified_time":"2025-12-26T09:54:48+00:00","og_image":[{"width":2560,"height":1564,"url":"https:\/\/manuelalcarazclemente.com\/wp-content\/uploads\/2025\/05\/PHACE_BTZM2024_MMB02129_C_MarkusBruckner-scaled.jpg","type":"image\/jpeg"}],"twitter_card":"summary_large_image","twitter_misc":{"Gesch\u00e4tzte Lesezeit":"1\u00a0Minute"},"schema":{"@context":"https:\/\/schema.org","@graph":[{"@type":"WebPage","@id":"https:\/\/manuelalcarazclemente.com\/phace-2\/","url":"https:\/\/manuelalcarazclemente.com\/phace-2\/","name":"PHACE - Manuel Alcaraz Clemente","isPartOf":{"@id":"https:\/\/manuelalcarazclemente.com\/#website"},"primaryImageOfPage":{"@id":"https:\/\/manuelalcarazclemente.com\/phace-2\/#primaryimage"},"image":{"@id":"https:\/\/manuelalcarazclemente.com\/phace-2\/#primaryimage"},"thumbnailUrl":"https:\/\/manuelalcarazclemente.com\/wp-content\/uploads\/2025\/05\/PHACE_BTZM2024_MMB02129_C_MarkusBruckner-scaled.jpg","datePublished":"2016-09-13T11:08:12+00:00","dateModified":"2025-12-26T09:54:48+00:00","breadcrumb":{"@id":"https:\/\/manuelalcarazclemente.com\/phace-2\/#breadcrumb"},"inLanguage":"de","potentialAction":[{"@type":"ReadAction","target":["https:\/\/manuelalcarazclemente.com\/phace-2\/"]}]},{"@type":"ImageObject","inLanguage":"de","@id":"https:\/\/manuelalcarazclemente.com\/phace-2\/#primaryimage","url":"https:\/\/manuelalcarazclemente.com\/wp-content\/uploads\/2025\/05\/PHACE_BTZM2024_MMB02129_C_MarkusBruckner-scaled.jpg","contentUrl":"https:\/\/manuelalcarazclemente.com\/wp-content\/uploads\/2025\/05\/PHACE_BTZM2024_MMB02129_C_MarkusBruckner-scaled.jpg","width":2560,"height":1564},{"@type":"BreadcrumbList","@id":"https:\/\/manuelalcarazclemente.com\/phace-2\/#breadcrumb","itemListElement":[{"@type":"ListItem","position":1,"name":"Home","item":"https:\/\/manuelalcarazclemente.com\/"},{"@type":"ListItem","position":2,"name":"PHACE"}]},{"@type":"WebSite","@id":"https:\/\/manuelalcarazclemente.com\/#website","url":"https:\/\/manuelalcarazclemente.com\/","name":"Manuel Alcaraz Clemente","description":"PERCUSSION - DRUMS - CONTEMPORARY MUSIC","potentialAction":[{"@type":"SearchAction","target":{"@type":"EntryPoint","urlTemplate":"https:\/\/manuelalcarazclemente.com\/?s={search_term_string}"},"query-input":{"@type":"PropertyValueSpecification","valueRequired":true,"valueName":"search_term_string"}}],"inLanguage":"de"}]}},"jetpack_sharing_enabled":true,"jetpack_shortlink":"https:\/\/wp.me\/P7S1RT-2Q","_links":{"self":[{"href":"https:\/\/manuelalcarazclemente.com\/de\/wp-json\/wp\/v2\/pages\/176","targetHints":{"allow":["GET"]}}],"collection":[{"href":"https:\/\/manuelalcarazclemente.com\/de\/wp-json\/wp\/v2\/pages"}],"about":[{"href":"https:\/\/manuelalcarazclemente.com\/de\/wp-json\/wp\/v2\/types\/page"}],"author":[{"embeddable":true,"href":"https:\/\/manuelalcarazclemente.com\/de\/wp-json\/wp\/v2\/users\/1"}],"replies":[{"embeddable":true,"href":"https:\/\/manuelalcarazclemente.com\/de\/wp-json\/wp\/v2\/comments?post=176"}],"version-history":[{"count":44,"href":"https:\/\/manuelalcarazclemente.com\/de\/wp-json\/wp\/v2\/pages\/176\/revisions"}],"predecessor-version":[{"id":2317,"href":"https:\/\/manuelalcarazclemente.com\/de\/wp-json\/wp\/v2\/pages\/176\/revisions\/2317"}],"wp:featuredmedia":[{"embeddable":true,"href":"https:\/\/manuelalcarazclemente.com\/de\/wp-json\/wp\/v2\/media\/2138"}],"wp:attachment":[{"href":"https:\/\/manuelalcarazclemente.com\/de\/wp-json\/wp\/v2\/media?parent=176"}],"curies":[{"name":"wp","href":"https:\/\/api.w.org\/{rel}","templated":true}]}}